{"id":22,"date":"2017-09-14T10:44:01","date_gmt":"2017-09-14T16:44:01","guid":{"rendered":"http:\/\/interaduanal.com\/wp\/pricing\/"},"modified":"2021-12-03T16:21:42","modified_gmt":"2021-12-03T22:21:42","slug":"galeria","status":"publish","type":"page","link":"https:\/\/interaduanal.com\/wp\/?page_id=22","title":{"rendered":"Galer\u00eda"},"content":{"rendered":"\t\t<div data-elementor-type=\"wp-post\" data-elementor-id=\"22\" class=\"elementor elementor-22\">\n\t\t\t\t\t\t<div class=\"elementor-inner\">\n\t\t\t\t<div class=\"elementor-section-wrap\">\n\t\t\t\t\t\t\t\t\t<section class=\"elementor-section elementor-top-section elementor-element elementor-element-c2a3bc8 elementor-section-boxed elementor-section-height-default elementor-section-height-default elementor-invisible\" data-id=\"c2a3bc8\" data-element_type=\"section\" data-settings=\"{&quot;background_background&quot;:&quot;classic&quot;,&quot;animation&quot;:&quot;fadeInLeft&quot;}\">\n\t\t\t\t\t\t\t<div class=\"elementor-background-overlay\"><\/div>\n\t\t\t\t\t\t\t<div class=\"elementor-container elementor-column-gap-no\">\n\t\t\t\t\t\t\t<div class=\"elementor-row\">\n\t\t\t\t\t<div class=\"elementor-column elementor-col-100 elementor-top-column elementor-element elementor-element-26c71c5\" data-id=\"26c71c5\" data-element_type=\"column\">\n\t\t\t<div class=\"elementor-column-wrap elementor-element-populated\">\n\t\t\t\t\t\t\t<div class=\"elementor-widget-wrap\">\n\t\t\t\t\t\t<div class=\"elementor-element elementor-element-f23a1e2 elementor-widget elementor-widget-heading\" data-id=\"f23a1e2\" data-element_type=\"widget\" data-widget_type=\"heading.default\">\n\t\t\t\t<div class=\"elementor-widget-container\">\n\t\t\t<h1 class=\"elementor-heading-title elementor-size-default\">Galer\u00eda<\/h1>\t\t<\/div>\n\t\t\t\t<\/div>\n\t\t\t\t\t\t<\/div>\n\t\t\t\t\t<\/div>\n\t\t<\/div>\n\t\t\t\t\t\t\t\t<\/div>\n\t\t\t\t\t<\/div>\n\t\t<\/section>\n\t\t\t\t<section class=\"elementor-section elementor-top-section elementor-element elementor-element-b87224d elementor-section-boxed elementor-section-height-default elementor-section-height-default\" data-id=\"b87224d\" data-element_type=\"section\" data-settings=\"{&quot;background_background&quot;:&quot;classic&quot;}\">\n\t\t\t\t\t\t<div class=\"elementor-container elementor-column-gap-no\">\n\t\t\t\t\t\t\t<div class=\"elementor-row\">\n\t\t\t\t\t<div class=\"elementor-column elementor-col-100 elementor-top-column elementor-element elementor-element-ae7738f\" data-id=\"ae7738f\" data-element_type=\"column\">\n\t\t\t<div class=\"elementor-column-wrap elementor-element-populated\">\n\t\t\t\t\t\t\t<div class=\"elementor-widget-wrap\">\n\t\t\t\t\t\t<div class=\"elementor-element elementor-element-b48fed4 elementor-invisible elementor-widget elementor-widget-heading\" data-id=\"b48fed4\" data-element_type=\"widget\" data-settings=\"{&quot;_animation&quot;:&quot;fadeInUp&quot;}\" data-widget_type=\"heading.default\">\n\t\t\t\t<div class=\"elementor-widget-container\">\n\t\t\t<h2 class=\"elementor-heading-title elementor-size-default\">Una log\u00edstica bien Aplicada<\/h2>\t\t<\/div>\n\t\t\t\t<\/div>\n\t\t\t\t\t\t<\/div>\n\t\t\t\t\t<\/div>\n\t\t<\/div>\n\t\t\t\t\t\t\t\t<\/div>\n\t\t\t\t\t<\/div>\n\t\t<\/section>\n\t\t\t\t<section class=\"elementor-section elementor-top-section elementor-element elementor-element-e1adc9b elementor-section-boxed elementor-section-height-default elementor-section-height-default\" data-id=\"e1adc9b\" data-element_type=\"section\" data-settings=\"{&quot;background_background&quot;:&quot;classic&quot;}\">\n\t\t\t\t\t\t<div class=\"elementor-container elementor-column-gap-no\">\n\t\t\t\t\t\t\t<div class=\"elementor-row\">\n\t\t\t\t\t<div class=\"elementor-column elementor-col-100 elementor-top-column elementor-element elementor-element-9daa2c5\" data-id=\"9daa2c5\" data-element_type=\"column\">\n\t\t\t<div class=\"elementor-column-wrap elementor-element-populated\">\n\t\t\t\t\t\t\t<div class=\"elementor-widget-wrap\">\n\t\t\t\t\t\t<div class=\"elementor-element elementor-element-82f6f08 elementor-widget elementor-widget-gallery\" data-id=\"82f6f08\" data-element_type=\"widget\" data-settings=\"{&quot;gallery_layout&quot;:&quot;masonry&quot;,&quot;lazyload&quot;:&quot;yes&quot;,&quot;columns&quot;:4,&quot;columns_tablet&quot;:2,&quot;columns_mobile&quot;:1,&quot;gap&quot;:{&quot;unit&quot;:&quot;px&quot;,&quot;size&quot;:10,&quot;sizes&quot;:[]},&quot;gap_tablet&quot;:{&quot;unit&quot;:&quot;px&quot;,&quot;size&quot;:10,&quot;sizes&quot;:[]},&quot;gap_mobile&quot;:{&quot;unit&quot;:&quot;px&quot;,&quot;size&quot;:10,&quot;sizes&quot;:[]},&quot;link_to&quot;:&quot;file&quot;,&quot;overlay_background&quot;:&quot;yes&quot;,&quot;content_hover_animation&quot;:&quot;fade-in&quot;}\" data-widget_type=\"gallery.default\">\n\t\t\t\t<div class=\"elementor-widget-container\">\n\t\t\t\t\t<div class=\"elementor-gallery__container\">\n\t\t\t\t\t\t\t<a class=\"e-gallery-item elementor-gallery-item elementor-animated-content\" href=\"https:\/\/interaduanal.com\/wp\/wp-content\/uploads\/2021\/10\/shutterstock_1750108985_resultado.jpg\" data-elementor-open-lightbox=\"yes\" data-elementor-lightbox-slideshow=\"all-82f6f08\" data-elementor-lightbox-title=\"Container,White,Truck,In,Ship,Port,Logistics.transportation,Industry,In,Port\" data-e-action-hash=\"#elementor-action%3Aaction%3Dlightbox%26settings%3DeyJpZCI6MTIyNCwidXJsIjoiaHR0cHM6XC9cL2ludGVyYWR1YW5hbC5jb21cL3dwXC93cC1jb250ZW50XC91cGxvYWRzXC8yMDIxXC8xMFwvc2h1dHRlcnN0b2NrXzE3NTAxMDg5ODVfcmVzdWx0YWRvLmpwZyIsInNsaWRlc2hvdyI6ImFsbC04MmY2ZjA4In0%3D\">\n\t\t\t\t\t<div class=\"e-gallery-image elementor-gallery-item__image\" data-thumbnail=\"https:\/\/interaduanal.com\/wp\/wp-content\/uploads\/2021\/10\/shutterstock_1750108985_resultado.jpg\" data-width=\"800\" data-height=\"533\" alt=\"\" ><\/div>\n\t\t\t\t\t\t\t\t\t\t\t<div class=\"elementor-gallery-item__overlay\"><\/div>\n\t\t\t\t\t\t\t\t\t\t\t\t\t\t<\/a>\n\t\t\t\t\t\t\t<a class=\"e-gallery-item elementor-gallery-item elementor-animated-content\" href=\"https:\/\/interaduanal.com\/wp\/wp-content\/uploads\/2021\/10\/shutterstock_1721523262_resultado.jpg\" data-elementor-open-lightbox=\"yes\" data-elementor-lightbox-slideshow=\"all-82f6f08\" data-elementor-lightbox-title=\"Female,Foreman,Safety,Vest,Using,Clipboard,Checklist,And,Worker,Man\" data-e-action-hash=\"#elementor-action%3Aaction%3Dlightbox%26settings%3DeyJpZCI6MTE5NywidXJsIjoiaHR0cHM6XC9cL2ludGVyYWR1YW5hbC5jb21cL3dwXC93cC1jb250ZW50XC91cGxvYWRzXC8yMDIxXC8xMFwvc2h1dHRlcnN0b2NrXzE3MjE1MjMyNjJfcmVzdWx0YWRvLmpwZyIsInNsaWRlc2hvdyI6ImFsbC04MmY2ZjA4In0%3D\">\n\t\t\t\t\t<div class=\"e-gallery-image elementor-gallery-item__image\" data-thumbnail=\"https:\/\/interaduanal.com\/wp\/wp-content\/uploads\/2021\/10\/shutterstock_1721523262_resultado.jpg\" data-width=\"1220\" data-height=\"813\" alt=\"\" ><\/div>\n\t\t\t\t\t\t\t\t\t\t\t<div class=\"elementor-gallery-item__overlay\"><\/div>\n\t\t\t\t\t\t\t\t\t\t\t\t\t\t<\/a>\n\t\t\t\t\t\t\t<a class=\"e-gallery-item elementor-gallery-item elementor-animated-content\" href=\"https:\/\/interaduanal.com\/wp\/wp-content\/uploads\/2021\/10\/shutterstock_1846546738_resultado.jpg\" data-elementor-open-lightbox=\"yes\" data-elementor-lightbox-slideshow=\"all-82f6f08\" data-elementor-lightbox-title=\"Aerial,Top,View,Of,Cargo,Maritime,Ship,With,Contrail,In\" data-e-action-hash=\"#elementor-action%3Aaction%3Dlightbox%26settings%3DeyJpZCI6MTE5OCwidXJsIjoiaHR0cHM6XC9cL2ludGVyYWR1YW5hbC5jb21cL3dwXC93cC1jb250ZW50XC91cGxvYWRzXC8yMDIxXC8xMFwvc2h1dHRlcnN0b2NrXzE4NDY1NDY3MzhfcmVzdWx0YWRvLmpwZyIsInNsaWRlc2hvdyI6ImFsbC04MmY2ZjA4In0%3D\">\n\t\t\t\t\t<div class=\"e-gallery-image elementor-gallery-item__image\" data-thumbnail=\"https:\/\/interaduanal.com\/wp\/wp-content\/uploads\/2021\/10\/shutterstock_1846546738_resultado.jpg\" data-width=\"1220\" data-height=\"550\" alt=\"\" ><\/div>\n\t\t\t\t\t\t\t\t\t\t\t<div class=\"elementor-gallery-item__overlay\"><\/div>\n\t\t\t\t\t\t\t\t\t\t\t\t\t\t<\/a>\n\t\t\t\t\t\t\t<a class=\"e-gallery-item elementor-gallery-item elementor-animated-content\" href=\"https:\/\/interaduanal.com\/wp\/wp-content\/uploads\/2021\/10\/shutterstock_449905366_resultado.jpg\" data-elementor-open-lightbox=\"yes\" data-elementor-lightbox-slideshow=\"all-82f6f08\" data-elementor-lightbox-title=\"Business,Logistic,Concept,,Foreman,Control,Loading,Containers,Box,To,Truck\" data-e-action-hash=\"#elementor-action%3Aaction%3Dlightbox%26settings%3DeyJpZCI6MTIwNywidXJsIjoiaHR0cHM6XC9cL2ludGVyYWR1YW5hbC5jb21cL3dwXC93cC1jb250ZW50XC91cGxvYWRzXC8yMDIxXC8xMFwvc2h1dHRlcnN0b2NrXzQ0OTkwNTM2Nl9yZXN1bHRhZG8uanBnIiwic2xpZGVzaG93IjoiYWxsLTgyZjZmMDgifQ%3D%3D\">\n\t\t\t\t\t<div class=\"e-gallery-image elementor-gallery-item__image\" data-thumbnail=\"https:\/\/interaduanal.com\/wp\/wp-content\/uploads\/2021\/10\/shutterstock_449905366_resultado.jpg\" data-width=\"1220\" data-height=\"815\" alt=\"\" ><\/div>\n\t\t\t\t\t\t\t\t\t\t\t<div class=\"elementor-gallery-item__overlay\"><\/div>\n\t\t\t\t\t\t\t\t\t\t\t\t\t\t<\/a>\n\t\t\t\t\t\t\t<a class=\"e-gallery-item elementor-gallery-item elementor-animated-content\" href=\"https:\/\/interaduanal.com\/wp\/wp-content\/uploads\/2021\/10\/shutterstock_1672993345_resultado.jpg\" data-elementor-open-lightbox=\"yes\" data-elementor-lightbox-slideshow=\"all-82f6f08\" data-elementor-lightbox-title=\"Asian,Woman,Engineer,Use,Check,Sheet,For,Control,Loading,Containers\" data-e-action-hash=\"#elementor-action%3Aaction%3Dlightbox%26settings%3DeyJpZCI6MTIwOCwidXJsIjoiaHR0cHM6XC9cL2ludGVyYWR1YW5hbC5jb21cL3dwXC93cC1jb250ZW50XC91cGxvYWRzXC8yMDIxXC8xMFwvc2h1dHRlcnN0b2NrXzE2NzI5OTMzNDVfcmVzdWx0YWRvLmpwZyIsInNsaWRlc2hvdyI6ImFsbC04MmY2ZjA4In0%3D\">\n\t\t\t\t\t<div class=\"e-gallery-image elementor-gallery-item__image\" data-thumbnail=\"https:\/\/interaduanal.com\/wp\/wp-content\/uploads\/2021\/10\/shutterstock_1672993345_resultado.jpg\" data-width=\"1220\" data-height=\"812\" alt=\"\" ><\/div>\n\t\t\t\t\t\t\t\t\t\t\t<div class=\"elementor-gallery-item__overlay\"><\/div>\n\t\t\t\t\t\t\t\t\t\t\t\t\t\t<\/a>\n\t\t\t\t\t\t\t<a class=\"e-gallery-item elementor-gallery-item elementor-animated-content\" href=\"https:\/\/interaduanal.com\/wp\/wp-content\/uploads\/2021\/10\/shutterstock_99602729_resultado.jpg\" data-elementor-open-lightbox=\"yes\" data-elementor-lightbox-slideshow=\"all-82f6f08\" data-elementor-lightbox-title=\"Businesswoman,With,File,Folder,In,Front,Of,Cargo,Container,Terminal\" data-e-action-hash=\"#elementor-action%3Aaction%3Dlightbox%26settings%3DeyJpZCI6MTIwNiwidXJsIjoiaHR0cHM6XC9cL2ludGVyYWR1YW5hbC5jb21cL3dwXC93cC1jb250ZW50XC91cGxvYWRzXC8yMDIxXC8xMFwvc2h1dHRlcnN0b2NrXzk5NjAyNzI5X3Jlc3VsdGFkby5qcGciLCJzbGlkZXNob3ciOiJhbGwtODJmNmYwOCJ9\">\n\t\t\t\t\t<div class=\"e-gallery-image elementor-gallery-item__image\" data-thumbnail=\"https:\/\/interaduanal.com\/wp\/wp-content\/uploads\/2021\/10\/shutterstock_99602729_resultado.jpg\" data-width=\"1220\" data-height=\"813\" alt=\"\" ><\/div>\n\t\t\t\t\t\t\t\t\t\t\t<div class=\"elementor-gallery-item__overlay\"><\/div>\n\t\t\t\t\t\t\t\t\t\t\t\t\t\t<\/a>\n\t\t\t\t\t\t\t<a class=\"e-gallery-item elementor-gallery-item elementor-animated-content\" href=\"https:\/\/interaduanal.com\/wp\/wp-content\/uploads\/2021\/10\/shutterstock_1420986605_resultado.jpg\" data-elementor-open-lightbox=\"yes\" data-elementor-lightbox-slideshow=\"all-82f6f08\" data-elementor-lightbox-title=\"Forklift,Handling,Container,Box,Loading,To,Truck,In,Shipping,Yard\" data-e-action-hash=\"#elementor-action%3Aaction%3Dlightbox%26settings%3DeyJpZCI6MTE5NiwidXJsIjoiaHR0cHM6XC9cL2ludGVyYWR1YW5hbC5jb21cL3dwXC93cC1jb250ZW50XC91cGxvYWRzXC8yMDIxXC8xMFwvc2h1dHRlcnN0b2NrXzE0MjA5ODY2MDVfcmVzdWx0YWRvLmpwZyIsInNsaWRlc2hvdyI6ImFsbC04MmY2ZjA4In0%3D\">\n\t\t\t\t\t<div class=\"e-gallery-image elementor-gallery-item__image\" data-thumbnail=\"https:\/\/interaduanal.com\/wp\/wp-content\/uploads\/2021\/10\/shutterstock_1420986605_resultado.jpg\" data-width=\"1220\" data-height=\"832\" alt=\"\" ><\/div>\n\t\t\t\t\t\t\t\t\t\t\t<div class=\"elementor-gallery-item__overlay\"><\/div>\n\t\t\t\t\t\t\t\t\t\t\t\t\t\t<\/a>\n\t\t\t\t\t\t\t<a class=\"e-gallery-item elementor-gallery-item elementor-animated-content\" href=\"https:\/\/interaduanal.com\/wp\/wp-content\/uploads\/2021\/10\/shutterstock_745625317_resultado.jpg\" data-elementor-open-lightbox=\"yes\" data-elementor-lightbox-slideshow=\"all-82f6f08\" data-elementor-lightbox-title=\"Container,Ship,In,Import,Export,And,Business,Logistics,,By,Crane,\" data-e-action-hash=\"#elementor-action%3Aaction%3Dlightbox%26settings%3DeyJpZCI6MTE5NSwidXJsIjoiaHR0cHM6XC9cL2ludGVyYWR1YW5hbC5jb21cL3dwXC93cC1jb250ZW50XC91cGxvYWRzXC8yMDIxXC8xMFwvc2h1dHRlcnN0b2NrXzc0NTYyNTMxN19yZXN1bHRhZG8uanBnIiwic2xpZGVzaG93IjoiYWxsLTgyZjZmMDgifQ%3D%3D\">\n\t\t\t\t\t<div class=\"e-gallery-image elementor-gallery-item__image\" data-thumbnail=\"https:\/\/interaduanal.com\/wp\/wp-content\/uploads\/2021\/10\/shutterstock_745625317_resultado.jpg\" data-width=\"1220\" data-height=\"685\" alt=\"\" ><\/div>\n\t\t\t\t\t\t\t\t\t\t\t<div class=\"elementor-gallery-item__overlay\"><\/div>\n\t\t\t\t\t\t\t\t\t\t\t\t\t\t<\/a>\n\t\t\t\t\t\t\t<a class=\"e-gallery-item elementor-gallery-item elementor-animated-content\" href=\"https:\/\/interaduanal.com\/wp\/wp-content\/uploads\/2021\/10\/shutterstock_447304123_resultado.jpg\" data-elementor-open-lightbox=\"yes\" data-elementor-lightbox-slideshow=\"all-82f6f08\" data-elementor-lightbox-title=\"Container,Cargo,Ship,And,Cargo,Plane,With,Working,Crane,Bridge\" data-e-action-hash=\"#elementor-action%3Aaction%3Dlightbox%26settings%3DeyJpZCI6MTE5NCwidXJsIjoiaHR0cHM6XC9cL2ludGVyYWR1YW5hbC5jb21cL3dwXC93cC1jb250ZW50XC91cGxvYWRzXC8yMDIxXC8xMFwvc2h1dHRlcnN0b2NrXzQ0NzMwNDEyM19yZXN1bHRhZG8uanBnIiwic2xpZGVzaG93IjoiYWxsLTgyZjZmMDgifQ%3D%3D\">\n\t\t\t\t\t<div class=\"e-gallery-image elementor-gallery-item__image\" data-thumbnail=\"https:\/\/interaduanal.com\/wp\/wp-content\/uploads\/2021\/10\/shutterstock_447304123_resultado.jpg\" data-width=\"1220\" data-height=\"813\" alt=\"\" ><\/div>\n\t\t\t\t\t\t\t\t\t\t\t<div class=\"elementor-gallery-item__overlay\"><\/div>\n\t\t\t\t\t\t\t\t\t\t\t\t\t\t<\/a>\n\t\t\t\t\t<\/div>\n\t\t\t<\/div>\n\t\t\t\t<\/div>\n\t\t\t\t\t\t<\/div>\n\t\t\t\t\t<\/div>\n\t\t<\/div>\n\t\t\t\t\t\t\t\t<\/div>\n\t\t\t\t\t<\/div>\n\t\t<\/section>\n\t\t\t\t\t\t\t\t\t<\/div>\n\t\t\t<\/div>\n\t\t\t\t\t<\/div>\n\t\t","protected":false},"excerpt":{"rendered":"<p>Galer\u00eda Una log\u00edstica bien Aplicada<\/p>\n","protected":false},"author":1,"featured_media":0,"parent":0,"menu_order":0,"comment_status":"closed","ping_status":"closed","template":"","meta":{"_mi_skip_tracking":false,"site-sidebar-layout":"no-sidebar","site-content-layout":"page-builder","ast-global-header-display":"","ast-main-header-display":"","ast-hfb-above-header-display":"","ast-hfb-below-header-display":"","ast-hfb-mobile-header-display":"","site-post-title":"disabled","ast-breadcrumbs-content":"","ast-featured-img":"disabled","footer-sml-layout":"","theme-transparent-header-meta":"disabled","adv-header-id-meta":"","stick-header-meta":"default","header-above-stick-meta":"","header-main-stick-meta":"","header-below-stick-meta":"","_joinchat":[]},"yoast_head":"<!-- This site is optimized with the Yoast SEO plugin v20.5 - https:\/\/yoast.com\/wordpress\/plugins\/seo\/ -->\n<title>Galer\u00eda - INTERADUANAL AGENTES DE ADUANA Y CARGA INTERNACIONAL<\/title>\n<meta name=\"robots\" content=\"index, follow, max-snippet:-1, max-image-preview:large, max-video-preview:-1\" \/>\n<link rel=\"canonical\" href=\"https:\/\/interaduanal.com\/wp\/?page_id=22\" \/>\n<meta property=\"og:locale\" content=\"es_ES\" \/>\n<meta property=\"og:type\" content=\"article\" \/>\n<meta property=\"og:title\" content=\"Galer\u00eda - INTERADUANAL AGENTES DE ADUANA Y CARGA INTERNACIONAL\" \/>\n<meta property=\"og:description\" content=\"Galer\u00eda Una log\u00edstica bien Aplicada\" \/>\n<meta property=\"og:url\" content=\"https:\/\/interaduanal.com\/wp\/?page_id=22\" \/>\n<meta property=\"og:site_name\" content=\"INTERADUANAL AGENTES DE ADUANA Y CARGA INTERNACIONAL\" \/>\n<meta property=\"article:modified_time\" content=\"2021-12-03T22:21:42+00:00\" \/>\n<meta name=\"twitter:card\" content=\"summary_large_image\" \/>\n<meta name=\"twitter:label1\" content=\"Tiempo de lectura\" \/>\n\t<meta name=\"twitter:data1\" content=\"1 minuto\" \/>\n<script type=\"application\/ld+json\" class=\"yoast-schema-graph\">{\"@context\":\"https:\/\/schema.org\",\"@graph\":[{\"@type\":\"WebPage\",\"@id\":\"https:\/\/interaduanal.com\/wp\/?page_id=22\",\"url\":\"https:\/\/interaduanal.com\/wp\/?page_id=22\",\"name\":\"Galer\u00eda - INTERADUANAL AGENTES DE ADUANA Y CARGA INTERNACIONAL\",\"isPartOf\":{\"@id\":\"https:\/\/interaduanal.com\/wp\/#website\"},\"datePublished\":\"2017-09-14T16:44:01+00:00\",\"dateModified\":\"2021-12-03T22:21:42+00:00\",\"breadcrumb\":{\"@id\":\"https:\/\/interaduanal.com\/wp\/?page_id=22#breadcrumb\"},\"inLanguage\":\"es\",\"potentialAction\":[{\"@type\":\"ReadAction\",\"target\":[\"https:\/\/interaduanal.com\/wp\/?page_id=22\"]}]},{\"@type\":\"BreadcrumbList\",\"@id\":\"https:\/\/interaduanal.com\/wp\/?page_id=22#breadcrumb\",\"itemListElement\":[{\"@type\":\"ListItem\",\"position\":1,\"name\":\"Home\",\"item\":\"https:\/\/interaduanal.com\/wp\/\"},{\"@type\":\"ListItem\",\"position\":2,\"name\":\"Galer\u00eda\"}]},{\"@type\":\"WebSite\",\"@id\":\"https:\/\/interaduanal.com\/wp\/#website\",\"url\":\"https:\/\/interaduanal.com\/wp\/\",\"name\":\"INTERADUANAL AGENTES DE ADUANA Y CARGA INTERNACIONAL\",\"description\":\"\",\"publisher\":{\"@id\":\"https:\/\/interaduanal.com\/wp\/#organization\"},\"potentialAction\":[{\"@type\":\"SearchAction\",\"target\":{\"@type\":\"EntryPoint\",\"urlTemplate\":\"https:\/\/interaduanal.com\/wp\/?s={search_term_string}\"},\"query-input\":\"required name=search_term_string\"}],\"inLanguage\":\"es\"},{\"@type\":\"Organization\",\"@id\":\"https:\/\/interaduanal.com\/wp\/#organization\",\"name\":\"INTERADUANAL AGENTES DE ADUANA Y CARGA INTERNACIONAL\",\"url\":\"https:\/\/interaduanal.com\/wp\/\",\"logo\":{\"@type\":\"ImageObject\",\"inLanguage\":\"es\",\"@id\":\"https:\/\/interaduanal.com\/wp\/#\/schema\/logo\/image\/\",\"url\":\"https:\/\/interaduanal.com\/wp\/wp-content\/uploads\/2021\/10\/cropped-Logo-Interaduanal-1.jpg\",\"contentUrl\":\"https:\/\/interaduanal.com\/wp\/wp-content\/uploads\/2021\/10\/cropped-Logo-Interaduanal-1.jpg\",\"width\":2539,\"height\":2457,\"caption\":\"INTERADUANAL AGENTES DE ADUANA Y CARGA INTERNACIONAL\"},\"image\":{\"@id\":\"https:\/\/interaduanal.com\/wp\/#\/schema\/logo\/image\/\"}}]}<\/script>\n<!-- \/ Yoast SEO plugin. -->","yoast_head_json":{"title":"Galer\u00eda - INTERADUANAL AGENTES DE ADUANA Y CARGA INTERNACIONAL","robots":{"index":"index","follow":"follow","max-snippet":"max-snippet:-1","max-image-preview":"max-image-preview:large","max-video-preview":"max-video-preview:-1"},"canonical":"https:\/\/interaduanal.com\/wp\/?page_id=22","og_locale":"es_ES","og_type":"article","og_title":"Galer\u00eda - INTERADUANAL AGENTES DE ADUANA Y CARGA INTERNACIONAL","og_description":"Galer\u00eda Una log\u00edstica bien Aplicada","og_url":"https:\/\/interaduanal.com\/wp\/?page_id=22","og_site_name":"INTERADUANAL AGENTES DE ADUANA Y CARGA INTERNACIONAL","article_modified_time":"2021-12-03T22:21:42+00:00","twitter_card":"summary_large_image","twitter_misc":{"Tiempo de lectura":"1 minuto"},"schema":{"@context":"https:\/\/schema.org","@graph":[{"@type":"WebPage","@id":"https:\/\/interaduanal.com\/wp\/?page_id=22","url":"https:\/\/interaduanal.com\/wp\/?page_id=22","name":"Galer\u00eda - INTERADUANAL AGENTES DE ADUANA Y CARGA INTERNACIONAL","isPartOf":{"@id":"https:\/\/interaduanal.com\/wp\/#website"},"datePublished":"2017-09-14T16:44:01+00:00","dateModified":"2021-12-03T22:21:42+00:00","breadcrumb":{"@id":"https:\/\/interaduanal.com\/wp\/?page_id=22#breadcrumb"},"inLanguage":"es","potentialAction":[{"@type":"ReadAction","target":["https:\/\/interaduanal.com\/wp\/?page_id=22"]}]},{"@type":"BreadcrumbList","@id":"https:\/\/interaduanal.com\/wp\/?page_id=22#breadcrumb","itemListElement":[{"@type":"ListItem","position":1,"name":"Home","item":"https:\/\/interaduanal.com\/wp\/"},{"@type":"ListItem","position":2,"name":"Galer\u00eda"}]},{"@type":"WebSite","@id":"https:\/\/interaduanal.com\/wp\/#website","url":"https:\/\/interaduanal.com\/wp\/","name":"INTERADUANAL AGENTES DE ADUANA Y CARGA INTERNACIONAL","description":"","publisher":{"@id":"https:\/\/interaduanal.com\/wp\/#organization"},"potentialAction":[{"@type":"SearchAction","target":{"@type":"EntryPoint","urlTemplate":"https:\/\/interaduanal.com\/wp\/?s={search_term_string}"},"query-input":"required name=search_term_string"}],"inLanguage":"es"},{"@type":"Organization","@id":"https:\/\/interaduanal.com\/wp\/#organization","name":"INTERADUANAL AGENTES DE ADUANA Y CARGA INTERNACIONAL","url":"https:\/\/interaduanal.com\/wp\/","logo":{"@type":"ImageObject","inLanguage":"es","@id":"https:\/\/interaduanal.com\/wp\/#\/schema\/logo\/image\/","url":"https:\/\/interaduanal.com\/wp\/wp-content\/uploads\/2021\/10\/cropped-Logo-Interaduanal-1.jpg","contentUrl":"https:\/\/interaduanal.com\/wp\/wp-content\/uploads\/2021\/10\/cropped-Logo-Interaduanal-1.jpg","width":2539,"height":2457,"caption":"INTERADUANAL AGENTES DE ADUANA Y CARGA INTERNACIONAL"},"image":{"@id":"https:\/\/interaduanal.com\/wp\/#\/schema\/logo\/image\/"}}]}},"_links":{"self":[{"href":"https:\/\/interaduanal.com\/wp\/index.php?rest_route=\/wp\/v2\/pages\/22"}],"collection":[{"href":"https:\/\/interaduanal.com\/wp\/index.php?rest_route=\/wp\/v2\/pages"}],"about":[{"href":"https:\/\/interaduanal.com\/wp\/index.php?rest_route=\/wp\/v2\/types\/page"}],"author":[{"embeddable":true,"href":"https:\/\/interaduanal.com\/wp\/index.php?rest_route=\/wp\/v2\/users\/1"}],"replies":[{"embeddable":true,"href":"https:\/\/interaduanal.com\/wp\/index.php?rest_route=%2Fwp%2Fv2%2Fcomments&post=22"}],"version-history":[{"count":8,"href":"https:\/\/interaduanal.com\/wp\/index.php?rest_route=\/wp\/v2\/pages\/22\/revisions"}],"predecessor-version":[{"id":1299,"href":"https:\/\/interaduanal.com\/wp\/index.php?rest_route=\/wp\/v2\/pages\/22\/revisions\/1299"}],"wp:attachment":[{"href":"https:\/\/interaduanal.com\/wp\/index.php?rest_route=%2Fwp%2Fv2%2Fmedia&parent=22"}],"curies":[{"name":"wp","href":"https:\/\/api.w.org\/{rel}","templated":true}]}}